{"id":11871,"date":"2022-03-17T08:43:00","date_gmt":"2022-03-17T07:43:00","guid":{"rendered":"https:\/\/gazzellaatlantique.eu\/?page_id=11871"},"modified":"2024-03-28T11:06:36","modified_gmt":"2024-03-28T10:06:36","slug":"contatto","status":"publish","type":"page","link":"https:\/\/gazzellaatlantique.eu\/it\/contatto\/","title":{"rendered":"Contatto"},"content":{"rendered":"<div id=\"cs-content\" class=\"cs-content\"><div class=\"x-section x-hide-lg x-hide-xl e11871-e1 m95r-0 m95r-1 m95r-2 m95r-3 m95r-4 sectionmobile\"><div class=\"x-bg\" aria-hidden=\"true\"><div class=\"x-bg-layer-lower-image\" data-x-element-bg-layer=\"{&quot;parallaxSize&quot;:&quot;150%&quot;,&quot;parallaxDir&quot;:&quot;v&quot;,&quot;parallaxRev&quot;:false}\"><\/div><div class=\"x-bg-layer-upper-image\"><\/div><\/div><div class=\"x-row e11871-e2 m95r-g m95r-h m95r-i m95r-j m95r-r m95r-b m95r-c x-effect-exit\" data-x-effect=\"{&quot;scroll&quot;:true,&quot;offsetTop&quot;:&quot;10%&quot;,&quot;offsetBottom&quot;:&quot;10%&quot;,&quot;behaviorScroll&quot;:&quot;fire-once&quot;,&quot;animationEnter&quot;:&quot;slideInRight&quot;,&quot;animationExit&quot;:&quot;rollOut&quot;}\"><div class=\"x-row-inner\"><div class=\"x-col e11871-e3 m95r-19 m95r-1a m95r-1b m95r-b m95r-c m95r-d x-effect-exit\" data-x-effect=\"{&quot;scroll&quot;:true,&quot;offsetTop&quot;:&quot;10%&quot;,&quot;offsetBottom&quot;:&quot;10%&quot;,&quot;behaviorScroll&quot;:&quot;fire-once&quot;,&quot;animationEnter&quot;:&quot;slideInRight&quot;,&quot;animationExit&quot;:&quot;rollOut&quot;}\"><div id=\"\" class=\"x-text cs-ta-center\" style=\"font-size: 22px !important;\" ><p style=\"color: #0074ad;\"><strong>CONTACT<\/p>\n<\/div><\/div><\/div><\/div><\/div><div class=\"x-section x-hide-md x-hide-sm x-hide-xs e11871-e5 m95r-1 m95r-3 m95r-4 m95r-5 m95r-6 m95r-7\"><span class=\"x-separator-top-angle-in\" style=\"top: 0px; height: 500px; color: rgba(0, 0, 0, 0);\" aria-hidden=\"true\"><svg class=\"angle-top-in\" style=\"fill: currentColor;\" xmlns=\"http:\/\/www.w3.org\/2000\/svg\" version=\"1.1\" viewBox=\"0 0 100 100\" preserveAspectRatio=\"none\"><polygon points=\"0,100 100,100 0,0\"\/><polygon points=\"100,100 100,100 100,0\"\/><\/svg><\/span><div class=\"x-bg\" aria-hidden=\"true\"><div class=\"x-bg-layer-lower-image\"><\/div><div class=\"x-bg-layer-upper-image\"><\/div><\/div><div class=\"x-row x-container max width e11871-e6 m95r-g m95r-i m95r-k m95r-l m95r-m m95r-n m95r-s m95r-t\"><div class=\"x-row-inner\"><div class=\"x-col e11871-e7 m95r-1a m95r-1c\"><\/div><div class=\"x-col e11871-e8 m95r-1a m95r-1c\"><h2  class=\"h-custom-headline cs-ta-center h3\" style=\"color: #0074ad; margin:20px; padding:20px; text-transform: uppercase;\"><span>contatto<\/span><\/h2><\/div><\/div><\/div><\/div><div class=\"x-section x-hide-md x-hide-sm x-hide-xs e11871-e10 m95r-0 m95r-1 m95r-6 m95r-7\"><div class=\"x-row x-container max width e11871-e11 m95r-g m95r-i m95r-j m95r-l m95r-n m95r-o m95r-s m95r-u\"><div class=\"x-row-inner\"><div class=\"x-col e11871-e12 m95r-1a m95r-1c m95r-b m95r-d m95r-e\"><div id=\"\" class=\"x-text\" style=\"font-size: 22px !important; padding: 20px;\" ><p style=\"color:#0074ad\"><strong>GAZZELLA ATLANTIQUE<\/strong> <\/p>\n<p>Adresse :<br \/>\nParc d\u2019Activit\u00e9s Angers-Avrill\u00e9<br \/>\nSecteur de la Croix Cadeau<br \/>\n20 rue Paul Langevin<br \/>\n49240 Avrill\u00e9<\/p>\n<p>T\u00e9l: 0033 (0)2 41 42 35 00<br \/>\ninfo[@]gazzellaatlantique.eu<br \/>\n(Recopiez cette adresse sans les symboles [ ])<\/p>\n<\/div><div class=\"x-row e11871-e14 m95r-g m95r-i m95r-j m95r-l m95r-m m95r-p m95r-v m95r-w\"><div class=\"x-row-inner\"><div class=\"x-col e11871-e15 m95r-1a m95r-1c\"><img decoding=\"async\"  class=\"x-img x-img-none\"  src=\"https:\/\/gazzellaatlantique.eu\/wp-content\/uploads\/2022\/01\/picto-service-commercial.jpg\" ><\/div><div class=\"x-col e11871-e17 m95r-1a m95r-1c\"><img decoding=\"async\"  class=\"x-img x-img-none\"  src=\"https:\/\/gazzellaatlantique.eu\/wp-content\/uploads\/2022\/01\/picto-service-apres-vente.jpg\" ><\/div><div class=\"x-col e11871-e19 m95r-1a m95r-1c\"><img decoding=\"async\"  class=\"x-img x-img-none\"  src=\"https:\/\/gazzellaatlantique.eu\/wp-content\/uploads\/2022\/01\/picto-service-achats.jpg\" ><\/div><\/div><\/div><div class=\"x-row e11871-e21 m95r-g m95r-i m95r-j m95r-l m95r-m m95r-p m95r-v m95r-x\"><div class=\"x-row-inner\"><div class=\"x-col e11871-e22 m95r-1a m95r-1c\"><img decoding=\"async\"  class=\"x-img x-img-none\"  src=\"https:\/\/gazzellaatlantique.eu\/wp-content\/uploads\/2022\/01\/picto-bureau-etudes.jpg\" ><\/div><div class=\"x-col e11871-e24 m95r-1a m95r-1c\"><img decoding=\"async\"  class=\"x-img x-img-none\"  src=\"https:\/\/gazzellaatlantique.eu\/wp-content\/uploads\/2022\/01\/picto-comptabilite.jpg\" ><\/div><div class=\"x-col e11871-e26 m95r-1a m95r-1c\"><img decoding=\"async\"  class=\"x-img x-img-none\"  src=\"https:\/\/gazzellaatlantique.eu\/wp-content\/uploads\/2022\/01\/picto-offre-emploi.jpg\" ><\/div><\/div><\/div><\/div><div class=\"x-col e11871-e28 m95r-1a m95r-1d m95r-b m95r-d m95r-f\" data-x-effect-provider=\"\"><p class=\"wpcf7-contact-form-not-found\"><strong>Errore:<\/strong> Modulo di contatto non trovato.<\/p><\/div><\/div><\/div><\/div><div class=\"x-section x-hide-md x-hide-sm x-hide-xs e11871-e31 m95r-0 m95r-1 m95r-7 m95r-8\"><div class=\"x-row x-container max width e11871-e32 m95r-g m95r-j m95r-l m95r-m m95r-q m95r-y m95r-z\"><div class=\"x-row-inner\"><div class=\"x-col e11871-e33 m95r-1a m95r-1c\"><\/div><\/div><\/div><\/div><div class=\"x-section x-hide-lg x-hide-xl e11871-e34 m95r-0 m95r-1 m95r-6 m95r-7\"><div class=\"x-row x-container max width e11871-e35 m95r-g m95r-i m95r-j m95r-l m95r-n m95r-o m95r-s m95r-10\"><div class=\"x-row-inner\"><div class=\"x-col e11871-e36 m95r-1a m95r-1c m95r-b m95r-d m95r-e\"><div id=\"\" class=\"x-text\" style=\"font-size: 22px !important; padding: 20px;\" ><p style=\"color:#0074ad\"><strong>GAZZELLA ATLANTIQUE<\/strong> <\/p>\n<p>Adresse :<br \/>\nZI de la Croix Cadeau<br \/>\n20 rue Paul Langevin<br \/>\n49242 Avrill\u00e9<\/p>\n<p>T\u00e9l: +3300 (0)2 41 42 35 00<br \/>\ncontact[@]gazzellaatlantique.eu<\/p>\n<\/div><div class=\"x-row e11871-e38 m95r-g m95r-i m95r-j m95r-l m95r-m m95r-p m95r-v m95r-11\"><div class=\"x-row-inner\"><div class=\"x-col e11871-e39 m95r-1a m95r-1c\"><div class=\"x-row e11871-e40 m95r-g m95r-i m95r-j m95r-l m95r-m m95r-p m95r-v m95r-12\"><div class=\"x-row-inner\"><div class=\"x-col e11871-e41 m95r-1a m95r-1c\"><img decoding=\"async\"  class=\"x-img x-img-none\"  src=\"https:\/\/gazzellaatlantique.eu\/wp-content\/uploads\/2022\/01\/picto-service-commercial.jpg\" ><\/div><div class=\"x-col e11871-e43 m95r-1a m95r-1c\"><img decoding=\"async\"  class=\"x-img x-img-none\"  src=\"https:\/\/gazzellaatlantique.eu\/wp-content\/uploads\/2022\/01\/picto-service-apres-vente.jpg\" ><\/div><div class=\"x-col e11871-e45 m95r-1a m95r-1c\"><img decoding=\"async\"  class=\"x-img x-img-none\"  src=\"https:\/\/gazzellaatlantique.eu\/wp-content\/uploads\/2022\/01\/picto-service-achats.jpg\" ><\/div><\/div><\/div><\/div><div class=\"x-col e11871-e47 m95r-1a m95r-1c\"><div class=\"x-row e11871-e48 m95r-g m95r-i m95r-j m95r-l m95r-m m95r-p m95r-v m95r-13\"><div class=\"x-row-inner\"><div class=\"x-col e11871-e49 m95r-1a m95r-1c\"><img decoding=\"async\"  class=\"x-img x-img-none\"  src=\"https:\/\/gazzellaatlantique.eu\/wp-content\/uploads\/2022\/01\/picto-bureau-etudes.jpg\" ><\/div><div class=\"x-col e11871-e51 m95r-1a m95r-1c\"><img decoding=\"async\"  class=\"x-img x-img-none\"  src=\"https:\/\/gazzellaatlantique.eu\/wp-content\/uploads\/2022\/01\/picto-comptabilite.jpg\" ><\/div><div class=\"x-col e11871-e53 m95r-1a m95r-1c\"><img decoding=\"async\"  class=\"x-img x-img-none\"  src=\"https:\/\/gazzellaatlantique.eu\/wp-content\/uploads\/2022\/01\/picto-offre-emploi.jpg\" ><\/div><\/div><\/div><\/div><\/div><\/div><\/div><div class=\"x-col e11871-e55 m95r-1a m95r-1b m95r-1c m95r-1e m95r-b m95r-d m95r-f\" data-x-effect-provider=\"\"><\/div><\/div><\/div><\/div><div class=\"x-section x-hide-lg x-hide-xl e11871-e57 m95r-0 m95r-1 m95r-7 m95r-8\"><div class=\"x-row x-container max width e11871-e58 m95r-g m95r-j m95r-l m95r-m m95r-q m95r-y m95r-14\"><div class=\"x-row-inner\"><div class=\"x-col e11871-e59 m95r-1a m95r-1c\"><div  class=\"x-raw-content\" ><iframe class=\"mj-w-res-iframe\" frameborder=\"0\" scrolling=\"no\" marginheight=\"0\" marginwidth=\"0\" src=\"https:\/\/app.mailjet.com\/widget\/iframe\/5BGW\/JEG\" width=\"100%\"><\/iframe>\n\n<script type=\"text\/javascript\" src=\"https:\/\/app.mailjet.com\/statics\/js\/iframeResizer.min.js\"><\/script><\/div><\/div><\/div><\/div><\/div><div class=\"x-section x-hide-md x-hide-sm x-hide-xs e11871-e61 m95r-0 m95r-1 m95r-7 m95r-9\"><div class=\"x-row x-container max width e11871-e62 m95r-g m95r-i m95r-j m95r-l m95r-m m95r-n m95r-o m95r-s m95r-15\"><div class=\"x-row-inner\"><div class=\"x-col e11871-e63 m95r-1a m95r-1c\"><h5  class=\"h-custom-headline cs-ta-center h5\" style=\"color: #fff; margin:5px; padding:5px;\"><span>Besoin d\u2019aide ? Contactez-nous !<\/span><\/h5><h2  class=\"h-custom-headline cs-ta-center h3\" style=\"color: #fff; margin:0px; padding:0px;\"><span>+33 (0)2 41 42 35 00<\/span><\/h2><h5  class=\"h-custom-headline cs-ta-center h5\" style=\"color: #fff; margin:5px; padding:5px;\"><span>Assistance t\u00e9l\u00e9phonique multilingue<\/span><\/h5><\/div><\/div><\/div><\/div><div class=\"x-section x-hide-lg x-hide-xl e11871-e67 m95r-0 m95r-1 m95r-7 m95r-9\"><div class=\"x-row x-container max width e11871-e68 m95r-g m95r-i m95r-j m95r-l m95r-m m95r-n m95r-o m95r-s m95r-16\"><div class=\"x-row-inner\"><div class=\"x-col e11871-e69 m95r-1a m95r-1b m95r-1e m95r-1f\"><div id=\"\" class=\"x-text cs-ta-center\" style=\"font-size: 18px !important; text-transform: uppercase;\" ><p><strong><span style=\"color: #ffffff;\">Besoin d\u2019aide ? Contactez-nous !<\/span><\/strong><\/p>\n<\/div><div id=\"\" class=\"x-text cs-ta-center\" style=\"font-size: 28px !important; text-transform: uppercase;\" ><p><strong><span style=\"color: #ffffff;\">+33 (0)2 41 42 35 00<\/span><\/strong><\/p>\n<\/div><div id=\"\" class=\"x-text cs-ta-center\" style=\"font-size: 22px !important; text-transform: uppercase;\" ><p><strong><span style=\"color: #ffffff;\">Assistance t\u00e9l\u00e9phonique multilingue<\/span><\/strong><\/p>\n<\/div><\/div><\/div><\/div><\/div><div class=\"x-section x-hide-lg x-hide-xl e11871-e73 m95r-0 m95r-1 m95r-4 m95r-7 m95r-9 m95r-a\"><div class=\"x-bg\" aria-hidden=\"true\"><div class=\"x-bg-layer-lower-image\"><\/div><div class=\"x-bg-layer-upper-color\"><\/div><\/div><div class=\"x-row x-container max width e11871-e74 m95r-g m95r-i m95r-j m95r-l m95r-m m95r-n m95r-o m95r-s m95r-17\"><div class=\"x-row-inner\"><div class=\"x-col e11871-e75 m95r-1a m95r-1b m95r-1c\"><hr  class=\"x-gap\" style=\"margin: 50px 0 0 0;\"><div id=\"\" class=\"x-text cs-ta-center\" style=\"font-size: 16px !important; text-transform: uppercase;\" ><p><strong><span style=\"color: #185380;\">notre r\u00e9seau dans le monde :<\/span><\/strong><\/p>\n<\/div><div id=\"\" class=\"x-text cs-ta-center\" style=\"font-size: 22px !important; text-align: center; color: #fff; background-color: #185380; margin:10px;  text-transform: uppercase; padding-top: 10px; padding-bottom: 10px; padding-left: 10px; padding-right: 10px;\" ><p><strong><a class=\"link-color-white\" href=\"https:\/\/gazzellaatlantique.eu\/implantation\/\" target=\"_blank\" rel=\"noopener\">Nos implantations<\/a><\/strong><\/p>\n<\/div><hr  class=\"x-gap\" style=\"margin: 50px 0 0 0;\"><\/div><\/div><\/div><\/div><div class=\"x-section x-hide-md x-hide-sm x-hide-xs e11871-e80 m95r-0 m95r-1 m95r-4 m95r-7 m95r-9 m95r-a\"><div class=\"x-bg\" aria-hidden=\"true\"><div class=\"x-bg-layer-lower-image\"><\/div><div class=\"x-bg-layer-upper-color\"><\/div><\/div><div class=\"x-row x-container max width e11871-e81 m95r-g m95r-i m95r-j m95r-l m95r-m m95r-n m95r-o m95r-s m95r-18\"><div class=\"x-row-inner\"><div class=\"x-col e11871-e82 m95r-1a m95r-1c\"><hr  class=\"x-gap\" style=\"margin: 50px 0 0 0;\"><h5  class=\"h-custom-headline cs-ta-center h5\" style=\"color: #185380; margin:5px; padding:5px; text-transform: uppercase;\"><span>notre r\u00e9seau dans le monde :<\/span><\/h5><h2  class=\"h-custom-headline cs-ta-center h3\" style=\"text-align: center; color: #fff; background-color: #185380; margin:20px; padding:20px; text-transform: uppercase; margin-left: 300px; margin-right: 300px;\"><span><a class=\"link-color-white\" href=\"https:\/\/gazzellaatlantique.eu\/implantation\/\" target=\"_blank\">Nos implantations<\/a><\/span><\/h2><hr  class=\"x-gap\" style=\"margin: 50px 0 0 0;\"><\/div><\/div><\/div><\/div><\/div>\n","protected":false},"excerpt":{"rendered":"<p>CONTACT contattoGAZZELLA ATLANTIQUE Adresse : Parc d\u2019Activit\u00e9s Angers-Avrill\u00e9 Secteur de la Croix Cadeau 20 rue Paul Langevin 49240 Avrill\u00e9 T\u00e9l: 0033 (0)2 41 42 35 00 info[@]gazzellaatlantique.eu (Recopiez cette adresse &#8230; <\/p>\n<div><a href=\"https:\/\/gazzellaatlantique.eu\/it\/contatto\/\" class=\"more-link\">Read More<\/a><\/div>\n","protected":false},"author":1,"featured_media":0,"parent":0,"menu_order":0,"comment_status":"closed","ping_status":"closed","template":"template-blank-4.php","meta":{"_acf_changed":false,"rs_blank_template":"","rs_page_bg_color":"","slide_template_v7":"","footnotes":""},"class_list":["post-11871","page","type-page","status-publish","hentry","no-post-thumbnail"],"acf":[],"_links":{"self":[{"href":"https:\/\/gazzellaatlantique.eu\/it\/wp-json\/wp\/v2\/pages\/11871","targetHints":{"allow":["GET"]}}],"collection":[{"href":"https:\/\/gazzellaatlantique.eu\/it\/wp-json\/wp\/v2\/pages"}],"about":[{"href":"https:\/\/gazzellaatlantique.eu\/it\/wp-json\/wp\/v2\/types\/page"}],"author":[{"embeddable":true,"href":"https:\/\/gazzellaatlantique.eu\/it\/wp-json\/wp\/v2\/users\/1"}],"replies":[{"embeddable":true,"href":"https:\/\/gazzellaatlantique.eu\/it\/wp-json\/wp\/v2\/comments?post=11871"}],"version-history":[{"count":4,"href":"https:\/\/gazzellaatlantique.eu\/it\/wp-json\/wp\/v2\/pages\/11871\/revisions"}],"predecessor-version":[{"id":16093,"href":"https:\/\/gazzellaatlantique.eu\/it\/wp-json\/wp\/v2\/pages\/11871\/revisions\/16093"}],"wp:attachment":[{"href":"https:\/\/gazzellaatlantique.eu\/it\/wp-json\/wp\/v2\/media?parent=11871"}],"curies":[{"name":"wp","href":"https:\/\/api.w.org\/{rel}","templated":true}]}}