{"id":11764,"date":"2021-12-19T16:13:13","date_gmt":"2021-12-19T15:13:13","guid":{"rendered":"https:\/\/gazzellaatlantique.eu\/implantation\/"},"modified":"2026-04-09T21:02:00","modified_gmt":"2026-04-09T19:02:00","slug":"implantation","status":"publish","type":"page","link":"https:\/\/gazzellaatlantique.eu\/it\/implantation\/","title":{"rendered":"Implantation"},"content":{"rendered":"<div id=\"cs-content\" class=\"cs-content\"><div class=\"x-section x-hide-md x-hide-sm x-hide-xs e11764-e1 m92s-0 m92s-1 m92s-2 m92s-3 m92s-4\"><div class=\"x-row x-container max width e11764-e2 m92s-c m92s-d m92s-e m92s-i m92s-j\"><div class=\"x-row-inner\"><div class=\"x-col e11764-e3 m92s-r m92s-s\"><h2  class=\"h-custom-headline cs-ta-center h3\" style=\"color: #0074AE;color: #0074AE !important; text-transform: uppercase;\"><span><strong><span style=\"color: #FFFFFF;\">LO SPECIALISTA DELLE MACCHINE PER L'IMBALLAGGIO<\/strong><\/span>\n\n<\/span><\/h2><\/div><\/div><\/div><\/div><div class=\"x-section x-hide-md x-hide-sm x-hide-xs e11764-e5 m92s-0 m92s-3 m92s-5 m92s-6 m92s-7\"><div class=\"x-bg\"><div class=\"x-bg-layer-lower-img\"><img decoding=\"async\" src=\"https:\/\/gazzellaatlantique.eu\/wp-content\/uploads\/2025\/12\/race-speed-line-gazzella-fond-blanc-scaled.webp\" alt=\"Image\" loading=\"lazy\"\/><\/div><\/div><div class=\"x-row x-container max width e11764-e6 m92s-c m92s-d m92s-e m92s-i m92s-k\"><div class=\"x-row-inner\"><div class=\"x-col e11764-e7 m92s-r m92s-s\"><\/div><\/div><\/div><\/div><div class=\"x-section x-hide-lg x-hide-xl e11764-e8 m92s-0 m92s-2 m92s-6 m92s-8 m92s-9\"><div class=\"x-bg\" aria-hidden=\"true\"><div class=\"x-bg-layer-upper-image\"><\/div><\/div><div class=\"x-row x-container max width e11764-e9 m92s-c m92s-f m92s-g m92s-l m92s-m\"><div class=\"x-row-inner\"><div class=\"x-col e11764-e10 m92s-r m92s-s\"><h2  class=\"h-custom-headline h3 accent\" style=\"color: #0074AE;font-size: 22px;\"><span><strong><span style=\"color: #FFFFFF;\">LO SPECIALISTA DELLE CONFEZIONATRICI <\/strong><\/span><\/span><\/h2><\/div><div class=\"x-col e11764-e12 m92s-s m92s-t m92s-b x-effect-exit\" data-x-effect=\"{&quot;durationBase&quot;:&quot;300ms&quot;,&quot;scroll&quot;:true,&quot;offsetTop&quot;:&quot;10%&quot;,&quot;offsetBottom&quot;:&quot;10%&quot;,&quot;behaviorScroll&quot;:&quot;fire-once&quot;,&quot;animationEnter&quot;:&quot;slideInRight&quot;,&quot;animationExit&quot;:&quot;rollOut&quot;}\"><\/div><\/div><\/div><\/div><div class=\"x-section e11764-e13 m92s-0 m92s-3 m92s-4 m92s-8 m92s-a\"><div class=\"x-row x-container max width e11764-e14 m92s-c m92s-d m92s-h m92s-n\"><div class=\"x-row-inner\"><div class=\"x-col e11764-e15 m92s-r m92s-s m92s-u\"><div id=\"\" class=\"x-text cs-ta-center\" style=\"\" ><p><strong><span style=\"color: #FFFFFF;\"> <span style=\"text-transform: uppercase;\">FORNITORE LEADER MONDIALE DI SISTEMI DI CUCITURA E GIUNTI MISTI <\/br>CONSEGNA IN TUTTO IL MONDO\u00a0<\/span><\/span><\/strong><\/span><\/span><\/strong><\/p>\n<\/div><div id=\"\" class=\"x-text cs-ta-center\" style=\"\" ><p><strong><span style=\"color: #FFFFFF;\"> Per qualsiasi richiesta riguardante le macchine per il legno, contattare GAZZELLA ATLANTIQUE<\/BR><\/span><\/strong><\/p>\n<\/div><hr  class=\"x-gap\" style=\"margin: 5px 0 0 0;\"><a  class=\"x-btn x-btn-global\"  href=\"https:\/\/gazzellaatlantique.eu\/contact-gazzella\" title=\"contact\" target=\"_blank\" rel=\"noopener noreferrer\"   data-options=\"thumbnail: ''\">Contatto<\/a><hr  class=\"x-gap\" style=\"margin: 5px 0 0 0;\"><div id=\"\" class=\"x-text\" style=\"\" ><p style=\"text-align: center;\">\n  <strong><span style=\"color: #FFFFFF;\">Clicca sulla tua zona e apparir\u00e0 il contatto.<\/span><\/strong><\/p>\n<\/div><div  class=\"x-raw-content\" >\r\n            \r\n            \r\n            \r\n            <a name='map1'><\/a>\r\n            \r\n            \r\n            <div class=\"wpgmza-store-locator wpgmza_sl_main_div\" data-id=\"1\">\r\n\t<div class=\"wpgmza-address-container wpgmza-form-field wpgmza_sl_query_div\">\r\n\t\t<label class=\"wpgmza-address wpgmza-form-field__label wpgmza-form-field__label--float\" data-name=\"addressLabel\" for=\"addressInput_1\">ZIP \/ Address:<\/label>\r\n\t\t<input class=\"wpgmza-address addressInput\" type=\"text\" placeholder=\"Enter a location\" autocomplete=\"off\" data-name=\"defaultAddress\" value=\"\" id=\"addressInput_1\" size=\"20\" aria-label=\"ZIP \/ Address:\">\r\n\t<\/div>\r\n\t\r\n\t<div class=\"wpgmza-radius-container wpgmza-form-field wpgmza_sl_radius_div wpgmza-clearfix\">\r\n\t\t<label class=\"wpgmza-radius wpgmza-form-field__label wpgmza-form-field__label--float\" for=\"radiusSelect_1\">\r\n\t\t\tRadius:\t\t<\/label>\r\n\t\t<select class=\"wpgmza-radius wpgmza-form-field__input wpgmza_sl_radius_select\" id=\"radiusSelect_1\" aria-label=\"Radius:\"><option class=\"wpgmza-radius wpgmza_sl_select_option\" value=\"1\">1km<\/option><option class=\"wpgmza-radius wpgmza_sl_select_option\" value=\"5\">5km<\/option><option class=\"wpgmza-radius wpgmza_sl_select_option\" value=\"10\" selected>10km<\/option><option class=\"wpgmza-radius wpgmza_sl_select_option\" value=\"25\">25km<\/option><option class=\"wpgmza-radius wpgmza_sl_select_option\" value=\"50\">50km<\/option><option class=\"wpgmza-radius wpgmza_sl_select_option\" value=\"75\">75km<\/option><option class=\"wpgmza-radius wpgmza_sl_select_option\" value=\"100\">100km<\/option><option class=\"wpgmza-radius wpgmza_sl_select_option\" value=\"150\">150km<\/option><option class=\"wpgmza-radius wpgmza_sl_select_option\" value=\"200\">200km<\/option><option class=\"wpgmza-radius wpgmza_sl_select_option\" value=\"300\">300km<\/option><\/select>\r\n\t<\/div>\r\n\t\r\n\t<div class=\"wpgmza-search wpgmza_sl_search_button_div\"><input class=\"wpgmza-search wpgmza_sl_search_button_1\" value=\"Search\" type=\"button\" onclick=\"searchLocations(1)\" mid=\"1\"><\/div>\r\n\t\r\n\t<div class=\"wpgmza-reset wpgmza_sl_reset_button_div\">\r\n\t<input class=\"wpgmza-reset wpgmza_sl_reset_button_1\" type=\"button\" value=\"Reset\" mid=\"1\" onclick=\"resetLocations(1)\">\r\n<\/div><div class=\"wpgmza-no-results wpgmza-not-found-msg js-not-found-msg\" style=\"display: none;\">\r\n\t\t<p data-name=\"notFoundMessage\">No results found in this location. Please try again.<\/p>\r\n\t<\/div>\r\n<\/div>\r\n            \r\n            <div class=\"wpgmza_map \"  id=\"wpgmza_map_1\" style=\"display:block; overflow:auto; width:100%; height:700px; float:left;\" data-settings='{\"id\":\"1\",\"map_title\":\"Notre implantation\",\"map_width\":\"100\",\"map_height\":\"700\",\"map_start_lat\":\"51.96342699999999\",\"map_start_lng\":\"9.834152999999985\",\"map_start_location\":\"45.950464398418106,-109.81550500000003\",\"map_start_zoom\":\"3\",\"default_marker\":\"\",\"type\":\"1\",\"alignment\":\"4\",\"directions_enabled\":\"0\",\"styling_enabled\":\"0\",\"styling_json\":\"\",\"active\":\"0\",\"kml\":\"\",\"bicycle\":\"0\",\"traffic\":\"0\",\"dbox\":\"1\",\"dbox_width\":\"\",\"listmarkers\":\"0\",\"listmarkers_advanced\":\"0\",\"filterbycat\":\"0\",\"ugm_enabled\":\"0\",\"ugm_category_enabled\":\"0\",\"fusion\":\"\",\"map_width_type\":\"%\",\"map_height_type\":\"px\",\"mass_marker_support\":\"0\",\"ugm_access\":\"0\",\"order_markers_by\":\"1\",\"order_markers_choice\":\"1\",\"show_user_location\":\"0\",\"default_to\":\"\",\"other_settings\":{\"map_type\":1,\"sl_stroke_color\":\"#000000\",\"sl_fill_color\":\"#000000\",\"sl_stroke_opacity\":\"\",\"sl_fill_opacity\":\"\",\"transport_layer\":false,\"action\":\"wpgmza_save_map\",\"redirect_to\":\"\\\/wp-admin\\\/admin-post.php\",\"map_id\":\"1\",\"http_referer\":\"\\\/gaz\\\/demo\\\/wp-admin\\\/admin.php?page=wp-google-maps-menu&amp;amp;override=1&amp;amp;action=edit&amp;amp;map_id=1\",\"wpgmza_id\":\"1\",\"wpgmza_start_location\":\"51.96342699999999,9.834152999999985\",\"wpgmza_start_zoom\":\"3\",\"wpgmza_theme_data\":\"[{\\\"featureType\\\":\\\"landscape.man_made\\\",\\\"elementType\\\":\\\"geometry\\\",\\\"stylers\\\":[{\\\"color\\\":\\\"#f7f1df\\\"}]},{\\\"featureType\\\":\\\"landscape.natural\\\",\\\"elementType\\\":\\\"geometry\\\",\\\"stylers\\\":[{\\\"color\\\":\\\"#d0e3b4\\\"}]},{\\\"featureType\\\":\\\"landscape.natural.terrain\\\",\\\"elementType\\\":\\\"geometry\\\",\\\"stylers\\\":[{\\\"visibility\\\":\\\"off\\\"}]},{\\\"featureType\\\":\\\"poi\\\",\\\"elementType\\\":\\\"labels\\\",\\\"stylers\\\":[{\\\"visibility\\\":\\\"off\\\"}]},{\\\"featureType\\\":\\\"poi.business\\\",\\\"elementType\\\":\\\"all\\\",\\\"stylers\\\":[{\\\"visibility\\\":\\\"off\\\"}]},{\\\"featureType\\\":\\\"poi.medical\\\",\\\"elementType\\\":\\\"geometry\\\",\\\"stylers\\\":[{\\\"color\\\":\\\"#fbd3da\\\"}]},{\\\"featureType\\\":\\\"poi.park\\\",\\\"elementType\\\":\\\"geometry\\\",\\\"stylers\\\":[{\\\"color\\\":\\\"#bde6ab\\\"}]},{\\\"featureType\\\":\\\"road\\\",\\\"elementType\\\":\\\"geometry.stroke\\\",\\\"stylers\\\":[{\\\"visibility\\\":\\\"off\\\"}]},{\\\"featureType\\\":\\\"road\\\",\\\"elementType\\\":\\\"labels\\\",\\\"stylers\\\":[{\\\"visibility\\\":\\\"off\\\"}]},{\\\"featureType\\\":\\\"road.highway\\\",\\\"elementType\\\":\\\"geometry.fill\\\",\\\"stylers\\\":[{\\\"color\\\":\\\"#ffe15f\\\"}]},{\\\"featureType\\\":\\\"road.highway\\\",\\\"elementType\\\":\\\"geometry.stroke\\\",\\\"stylers\\\":[{\\\"color\\\":\\\"#efd151\\\"}]},{\\\"featureType\\\":\\\"road.arterial\\\",\\\"elementType\\\":\\\"geometry.fill\\\",\\\"stylers\\\":[{\\\"color\\\":\\\"#ffffff\\\"}]},{\\\"featureType\\\":\\\"road.local\\\",\\\"elementType\\\":\\\"geometry.fill\\\",\\\"stylers\\\":[{\\\"color\\\":\\\"black\\\"}]},{\\\"featureType\\\":\\\"transit.station.airport\\\",\\\"elementType\\\":\\\"geometry.fill\\\",\\\"stylers\\\":[{\\\"color\\\":\\\"#cfb2db\\\"}]},{\\\"featureType\\\":\\\"water\\\",\\\"elementType\\\":\\\"geometry\\\",\\\"stylers\\\":[{\\\"color\\\":\\\"#a2daf2\\\"}]}]\",\"store_locator_enabled\":true,\"store_locator_search_area\":\"radial\",\"wpgmza_store_locator_radius_style\":\"modern\",\"wpgmza_store_locator_default_radius\":\"10\",\"store_locator_auto_area_max_zoom\":\"\",\"store_locator_distance\":false,\"wpgmza_store_locator_position\":false,\"store_locator_show_distance\":false,\"store_locator_category\":false,\"wpgmza_store_locator_use_their_location\":false,\"wpgmza_store_locator_bounce\":false,\"wpgmza_sl_animation\":\"0\",\"wpgmza_store_locator_hide_before_search\":false,\"store_locator_query_string\":\"\",\"store_locator_default_address\":\"\",\"store_locator_name_search\":false,\"store_locator_name_string\":\"\",\"store_locator_not_found_message\":\"\",\"wpgmza_map_align\":\"1\",\"jump_to_nearest_marker_on_initialization\":false,\"automatically_pan_to_users_location\":false,\"override_users_location_zoom_level\":false,\"override_users_location_zoom_levels\":\"\",\"show_distance_from_location\":false,\"map_max_zoom\":\"21\",\"map_min_zoom\":\"0\",\"click_open_link\":false,\"fit_maps_bounds_to_markers\":false,\"fit_maps_bounds_to_markers_after_filtering\":false,\"hide_point_of_interest\":false,\"wpgmza_zoom_on_marker_click\":false,\"wpgmza_zoom_on_marker_click_slider\":\"\",\"close_infowindow_on_map_click\":false,\"disable_lightbox_images\":false,\"use_Raw_Jpeg_Coordinates\":false,\"polygon_labels\":false,\"disable_polygon_info_windows\":false,\"enable_marker_ratings\":false,\"only_load_markers_within_viewport\":false,\"iw_primary_color\":\"#ffffff\",\"iw_accent_color\":\"#aa2222\",\"iw_text_color\":\"#0074ad\",\"wpgmza_listmarkers_by\":\"0\",\"wpgmza_marker_listing_position\":false,\"wpgmza_push_in_map\":false,\"wpgmza_push_in_map_placement\":\"1\",\"wpgmza_push_in_map_width\":\"\",\"wpgmza_push_in_map_height\":\"\",\"zoom_level_on_marker_listing_override\":false,\"zoom_level_on_marker_listing_click\":\"\",\"datatable_no_result_message\":\"\",\"remove_search_box_datables\":false,\"dataTable_pagination_style\":\"default\",\"datatable_search_string\":\"\",\"datatable_result_start\":\"\",\"datatable_result_of\":\"\",\"datatable_result_to\":\"\",\"datatable_result_total\":\"\",\"datatable_result_show\":\"\",\"datatable_result_entries\":\"\",\"wpgmza_savemap\":\"Enregistrer la carte \\u00bb\",\"shortcodeAttributes\":{\"id\":\"1\"},\"wpgmza_dbox_width_type\":\"%\",\"default_from\":\"\",\"directions_behaviour\":\"default\",\"force_google_directions_app\":false,\"directions_route_origin_icon\":\"https:\\\/\\\/gazzellaatlantique.eu\\\/wp-content\\\/plugins\\\/wp-google-maps\\\/images\\\/spotlight-poi2.png\",\"directions_origin_retina\":false,\"directions_route_destination_icon\":\"https:\\\/\\\/gazzellaatlantique.eu\\\/wp-content\\\/plugins\\\/wp-google-maps\\\/images\\\/spotlight-poi2.png\",\"directions_destination_retina\":false,\"directions_route_stroke_color\":\"#4f8df5\",\"directions_route_stroke_weight\":\"4\",\"directions_route_stroke_opacity\":\"0.8\",\"directions_fit_bounds_to_route\":false,\"wpgmza_store_locator_restrict\":\"\",\"upload_default_sl_marker\":\"\",\"upload_default_sl_marker_retina\":false,\"retina\":false,\"upload_default_ul_marker\":\"\",\"upload_default_ul_marker_retina\":false,\"enable_advanced_custom_fields_integration\":false,\"enable_toolset_woocommerce_integration\":false,\"wpgmza_iw_type\":\"0\",\"store_locator_location_placeholder\":\"\",\"marker_listing_disable_zoom\":false,\"enable_marker_labels\":false,\"zoom_level_mobile_override_enabled\":false,\"zoom_level_mobile_override\":\"\"}}' data-map-id='1' data-shortcode-attributes='{\"id\":\"1\"}'> <\/div>\r\n            \r\n               \r\n        <\/div><\/div><\/div><\/div><\/div><div class=\"x-section e11764-e23 m92s-0 m92s-4 m92s-5\"><div class=\"x-row x-container max width e11764-e24 m92s-c m92s-d m92s-e m92s-i m92s-o\"><div class=\"x-row-inner\"><div class=\"x-col e11764-e25 m92s-r m92s-s m92s-v\"><div id=\"\" class=\"x-text cs-ta-left\" style=\"\" ><p style=\"text-align: left;\"><strong>Map legend with list of agents.\u00a0<\/strong><br \/>\n<strong><\/strong><\/p>\n<\/div><div  class=\"x-raw-content\" ><table>\n\n    <thead>\n      <tr>\n  <th scope=\"col\">COLORE<\/th>\n  <th scope=\"col\">Agente<\/th>\n  <th scope=\"col\">INDIRIZZO<\/th>\n  <th scope=\"col\" width= \"280px\">TELEFONO - SITO WEB<\/th>\n  <th scope=\"col\">Paese<\/th>\n  <th scope=\"col\">CONTATTO<\/th>\n      <\/tr>\n    <\/thead>\n    <tbody>\n        <td data-label=\"Couleur\"><div class=\"carre-gazzella\" vertical-align=\"center\" horizontal-align=\"center\"><\/div><\/td>   \n        <td data-label=\"Agent\">Gazzella Atlantique<br><br><img decoding=\"async\" src=\"https:\/\/gazzellaatlantique.eu\/wp-content\/uploads\/2023\/04\/gazzella-atlantique.jpg\" style=\"outline: 3px solid white;\"  alt=\"Gazzella Atlantique\"><\/td>\n        <td data-label=\"Adresse\">Parc d'activit\u00e9s Angers-Avrill\u00e9 - Secteur de la Croix Cadeau<\/br>20 rue Paul Langevin<\/br>49240 AVRILL\u00c9 - Francia<\/td>\n        <td data-label=\"T\u00e9l - Site web\">T\u00e9l: +33 2 41 42 35 00<\/br>info@gazzellaatlantique.eu <\/br><a href=\"https:\/\/gazzellaatlantique.eu\">www.gazzellaatlantique.eu<\/a><\/td>\n        <td data-label=\"Pays\">Vedi carta<\/td>\n        <td data-label=\"Contact\"><a href=\"https:\/\/gazzellaatlantique.eu\/contact-gazzella\">Contact<\/a><\/td>\n  \n  \n      <\/tr>\n        <td data-label=\"Couleur\"><div class=\"carre-usa\" vertical-align=\"center\" horizontal-align=\"center\"><\/div><\/td>    \n        <td data-label=\"Agent\">Stitching & Gluing Solutions, LLC<br><br><img decoding=\"async\" src=\"https:\/\/gazzellaatlantique.eu\/wp-content\/uploads\/2023\/04\/agent_stitiching-and-gluing.jpg\" style=\"outline: 3px solid white;\"  alt=\"Stitching & Gluing Solutions\"><\/td><br><br>\n        <td data-label=\"Adresse\">4824 Socialville-Fosters Road<\/br>Mason, OH 45040 U.S.A.<\/td>\n        <td data-label=\"T\u00e9l - Site web\">T\u00e9l: +1 513-588-3172<\/br>jeff@stitchingandgluing.com<\/br><a href=\"https:\/\/www.stitchingandgluing.com\">www.stitchingandgluing.com<\/a><\/td>\n        <td data-label=\"Pays\">U.S.A, Canada<\/td>\n        <td data-label=\"Contact\"><a href=\"https:\/\/gazzellaatlantique.eu\/contact-amerique\">Contact<\/a><\/td>\n      <\/tr>\n  \n   <tr>\n        <td data-label=\"Couleur\"><div class=\"carre-africa\" vertical-align=\"center\" horizontal-align=\"center\"><\/td>    \n        <td data-label=\"Agent\">Goettsch International Africa<br><br><img decoding=\"async\" src=\"https:\/\/gazzellaatlantique.eu\/wp-content\/uploads\/2023\/04\/agent_goettsch.jpg\" style=\"outline: 3px solid white;\"  alt=\"Goettsch International\"><\/td>\n        <td data-label=\"Adresse\">Goettsch International, Inc.<\/br>4824 Socialville-Fosters Road<\/br>Mason, OH 45040 U.S.A.<\/td>\n   <td data-label=\"T\u00e9l - Site web\">T\u00e9l. : +1-513-563-6500<\/br>  Fax : +1-513-563-6510<\/br>info@goettsch.com<\/br><a href=\"http:\/\/www.goettsch.com\">www.goettsch.com<\/a><\/td>\n   <td data-label=\"Pays\">Africa: vedi carta<\/td>\n        <td data-label=\"Contact\"><a href=\"https:\/\/gazzellaatlantique.eu\/contact-afrique\">Contact<\/a><\/td>\n      <\/tr>\n      <tr>\n        <td data-label=\"Couleur\"><div class=\"carre-asia\" vertical-align=\"center\" horizontal-align=\"center\"><\/td>\n        <td data-label=\"Agent\">Goettsch International Asia<br><br><img decoding=\"async\" src=\"https:\/\/gazzellaatlantique.eu\/wp-content\/uploads\/2023\/04\/agent_goettsch.jpg\" style=\"outline: 3px solid white;\"  alt=\"Goettsch International\"><\/td>\n        <td data-label=\"Adresse\">Goettsch International, Inc.<\/br>4824 Socialville-Fosters Road<\/br>Mason, OH 45040 U.S.A.<\/td>\n   <td data-label=\"T\u00e9l - Site web\">T\u00e9l. : +1-513-563-6500<\/br>  Fax : +1-513-563-6510<\/br>info@goettsch.com<\/br><a href=\"http:\/\/www.goettsch.com\">www.goettsch.com<\/a><\/td>\n   <td data-label=\"Pays\">Asia<\/td>\n        <td data-label=\"Contact\"><a href=\"https:\/\/gazzellaatlantique.eu\/contact-asie\">Contact<\/a><\/td>\n      <\/tr>\n  \n  \n  \n      <tr>\n        <td data-label=\"Couleur\"><div class=\"carre-south-america\" vertical-align=\"center\" horizontal-align=\"center\"><\/td>\n        <td data-label=\"Agent\">Goettsch International Central & South America<br><br><img decoding=\"async\" src=\"https:\/\/gazzellaatlantique.eu\/wp-content\/uploads\/2023\/04\/agent_goettsch.jpg\" style=\"outline: 3px solid white;\"  alt=\"Goettsch International\"><\/td>\n        <td data-label=\"Adresse\">Goettsch International, Inc.<\/br>4824 Socialville-Fosters Road<\/br>Mason, OH 45040 U.S.A.<\/td>\n   <td data-label=\"T\u00e9l - Site web\">T\u00e9l. : +1-513-563-6500<\/br>  Fax : +1-513-563-6510<\/br>info@goettsch.com<\/br><a href=\"http:\/\/www.goettsch.com\">www.goettsch.com<\/a><\/td>\n   <td data-label=\"Pays\">America centrale e Sud America<\/td>\n\n        <td data-label=\"Contact\"><a href=\"https:\/\/gazzellaatlantique.eu\/contact-central-south-america\">Contact<\/a><\/td>\n      <\/tr>\n  \n  \n  \n  \n     <tr>\n        <td data-label=\"Couleur\"><div class=\"carre-europe2\" vertical-align=\"center\" horizontal-align=\"center\"><\/td>\n        <td data-label=\"Agent\">GTS (EUROPE) Limited<br><br><img decoding=\"async\" src=\"https:\/\/gazzellaatlantique.eu\/wp-content\/uploads\/2023\/04\/agent_gts.jpg\" style=\"outline: 3px solid white;\"  alt=\"GTS (EUROPE) Limited\"><\/td><\/td>\n        <td data-label=\"Adresse\">The Arnold Business Park<\/br> Branbridges Road-East Peckham<\/br> TN12 5LG TONBRIDGE - KENT<\/br>Regno Unito<\/td>\n        <td data-label=\"T\u00e9l - Site web\">T\u00e9l. : +44 1622 873 187\n  <\/br>Fax : +44 1622 873 287<\/br>info@gtseurope.co.uk<\/br><a href=\"https:\/\/www.gtseurope.co.uk\">www.gtseurope.co.uk<\/a><\/td>\n  <td data-label=\"Pays\">Irlanda, Regno Unito della Gran Bretagna e Irlanda del Nord, Isola di Man + territorio oceanico britannico<\/td>\n\n        <td data-label=\"Contact\"><a href=\"https:\/\/gazzellaatlantique.eu\/contact-europe2 \">Contact<\/a><\/td>\n       \n  \n  \n  \n      <\/tr>\n     <tr>\n  \n        <td data-label=\"Couleur\"><div class=\"carre-africa2\" vertical-align=\"center\" horizontal-align=\"center\"><\/td>\n        <td data-label=\"Agent\">Propco SAS<br><br><img decoding=\"async\" src=\"https:\/\/gazzellaatlantique.eu\/wp-content\/uploads\/2023\/04\/agent_propco.jpg\" style=\"outline: 3px solid white;\"  alt=\"Propco SAS\"><\/td>\n        <td data-label=\"Adresse\">ZA Brunelle<\/br>148 rue des Vignes<\/br> 26400 EURRE  - Francia<\/td>\n        <td data-label=\"T\u00e9l - Site web\">Tel. : +33 4 75 76 77 26<\/br>Fax : +33 4 75 76 71 73<\/br>propco@propco-sas.com<\/br>\t\n  <a href=\"https:\/\/www.propco-sas.com\">www.propco-sas.com<\/a><\/td>\n  <td data-label=\"Pays\">Africa: vedi carta<\/td>\n        <td data-label=\"Contact\"><a href=\"https:\/\/gazzellaatlantique.eu\/contact-afrique2 \">Contact<\/a><\/td>\n      <\/tr>\n    \n      <tr>\n        <td data-label=\"Couleur\"><div class=\"carre-france\" vertical-align=\"center\" horizontal-align=\"center\"><\/td>\n        <td data-label=\"Agent\">EVOCARTON SOLUTIONS<br><br><img decoding=\"async\" src=\"https:\/\/gazzellaatlantique.eu\/wp-content\/uploads\/2024\/02\/evocarton.jpg\" style=\"outline: 3px solid white;\"  alt=\"CARTEC\"><\/td><\/td>\n        <td data-label=\"Adresse\"><\/br>62219 Longuenesse<\/br>FRANCE<\/td>\n        <td data-label=\"T\u00e9l - Site web\">Tel. : +33 6 51 02 96 05\n  <\/br><\/br>antoine@evocarton.com<\/br>\n  <a href=\"https:\/\/www.evocarton.com\">www.evocarton.com<\/a><\/td>\n  <td data-label=\"Pays\">France<\/td>\n        <td data-label=\"Contact\"><a href=\"https:\/\/gazzellaatlantique.eu\/contact-france \">Contact<\/a><\/td>\n      <\/tr>\n    \n    \n     <tr>\n        <td data-label=\"Couleur\"><div class=\"carre-europe4\" vertical-align=\"center\" horizontal-align=\"center\"><\/td>\n        <td data-label=\"Agent\">Dolunay G\u0131da Sanayi Ve Ticaret Limited \u015eirketi<br><br><img decoding=\"async\" src=\"https:\/\/gazzellaatlantique.eu\/wp-content\/uploads\/2023\/04\/agent_dolunay.jpg\" style=\"outline: 3px solid white;\"  alt=\"Dolunay\"><\/td><\/td>\n        <td data-label=\"Adresse\">Kasap Sok. Gamze Apt. No:19 Kat:1 D:1<\/br>Esentepe 34394 \u015ei\u015fli<\/br>Istanbul, Turchia<\/td>\n        <td data-label=\"T\u00e9l - Site web\">\n  T\u00e9l. : +90 212 288 60 54\n  <\/br>\n  Fax : +90 212 274 63 52<\/br>\n  info@dolunayltd.com<\/br>\n  <a href=\"http:\/\/www.dolunayltd.com\">www.dolunayltd.com<\/a><\/td>\n  \n  <td data-label=\"Pays\">Grecia, Cipro, T\u00fcrkiye    <\/td>\n   \n        <td data-label=\"Contact\"><a href=\"https:\/\/gazzellaatlantique.eu\/contact-europe\">Contact<\/a>  <tr>\n        <td data-label=\"Couleur\"><div class=\"carre-europe\" vertical-align=\"center\" horizontal-align=\"center\"><\/td>\n        <td data-label=\"Agent\">TECNIEMBAL<br><br><img decoding=\"async\" src=\"https:\/\/gazzellaatlantique.eu\/wp-content\/uploads\/2023\/04\/agent_tecniembal.jpg\" style=\"outline: 3px solid white;\"  alt=\"TECNIEMBAL \"><\/td>\n        <td data-label=\"Adresse\">Tecniembal 21, S.L.<\/br>C\/ Les Moreres,<\/br>107 08820 El Prat Llobregat, <\/br>Barcelona - SPANIA<\/td>\n       <td data-label=\"T\u00e9l - Site web\">T\u00e9l. : +34 933 70 07 46 <\/br>Fax : +34 933 70 52 56 <\/br>info@tecniembal.com\u00a0<\/br><a href=\"https:\/\/www.tecniembal.com\/index.php\/es\/\">www.tecniembal.com<\/td>\n       \n        <td data-label=\"Pays\">Andorra, Spagna, Portogallo<\/td>\n         <td data-label=\"Contact\"><a href=\"https:\/\/gazzellaatlantique.eu\/contact-europe3\">Contact<\/a>     <\/tr>\n  \n       <tr>\n        <td data-label=\"Couleur\"><div class=\"carre-republique-tcheque\" vertical-align=\"center\" horizontal-align=\"center\"><\/td>\n        <td data-label=\"Agent\">Civest CS s.r.o.<br><br><img decoding=\"async\" src=\"https:\/\/gazzellaatlantique.eu\/wp-content\/uploads\/2023\/06\/agent_civest-cs.jpg\" style=\"outline: 3px solid white;\"  alt=\"Civest CS s.r.o.\"><\/td><\/td>\n        <td data-label=\"Adresse\">CIVEST<br>Roman Vl\u010dek <\/br> Hlavn\u00ed t\u0159\u00edda 420 <\/br> Kralice na Han\u00e9 <\/br>79812 Czechia, Repubblica Ceca<\/td>\n        <td data-label=\"T\u00e9l - Site web\">\n  Tel. : +420\u00a0602\u00a0238 840\u00a0\n  <\/br>\n  Fax : +420\u00a0554\u00a0777 297<\/br>\n  info@civest-cs.com<\/br>\n  <\/td> \n  <td data-label=\"Pays\">Ungheria, Repubblica Ceca, Slovacchia<\/td>\n  <td data-label=\"Contact\"><a href=\"https:\/\/gazzellaatlantique.eu\/contact-republique-tcheque\">Contact<\/a><\/td>\n      <\/tr>\n  \n  \n      <\/tr>\n    <\/tbody>\n  <\/table><\/div><\/div><\/div><\/div><\/div><div class=\"x-section x-hide-lg x-hide-xl e11764-e28 m92s-0 m92s-2 m92s-3 m92s-6 m92s-8 m92s-9\"><div class=\"x-bg\" aria-hidden=\"true\"><div class=\"x-bg-layer-upper-image\"><\/div><\/div><div class=\"x-row x-container max width e11764-e29 m92s-c m92s-f m92s-l m92s-p\"><div class=\"x-row-inner\"><div class=\"x-col e11764-e30 m92s-r m92s-s\"><div id=\"\" class=\"x-text cs-ta-center\" style=\"font-size: 18px !important; text-transform: uppercase;\" ><h5><strong><strong><span style=\"color: #FFFFFF;\">Gamme machines bois<\/span><\/strong><\/h5>\n<\/div><\/div><div class=\"x-col e11764-e32 m92s-s m92s-t m92s-b x-effect-exit\" data-x-effect=\"{&quot;durationBase&quot;:&quot;300ms&quot;,&quot;scroll&quot;:true,&quot;offsetTop&quot;:&quot;10%&quot;,&quot;offsetBottom&quot;:&quot;10%&quot;,&quot;behaviorScroll&quot;:&quot;fire-once&quot;,&quot;animationEnter&quot;:&quot;slideInRight&quot;,&quot;animationExit&quot;:&quot;rollOut&quot;}\"><\/div><\/div><\/div><\/div><div class=\"x-section e11764-e33 m92s-0 m92s-3 m92s-4 m92s-5\"><div class=\"x-row x-container max width e11764-e34 m92s-c m92s-d m92s-e m92s-i m92s-q\"><div class=\"x-row-inner\"><div class=\"x-col e11764-e35 m92s-r m92s-s\"><hr  class=\"x-gap\" style=\"margin: 50px 0 0 0;\"><\/div><\/div><\/div><\/div><\/div>\n","protected":false},"excerpt":{"rendered":"<p>LO SPECIALISTA DELLE MACCHINE PER L&#8217;IMBALLAGGIO LO SPECIALISTA DELLE CONFEZIONATRICI FORNITORE LEADER MONDIALE DI SISTEMI DI CUCITURA E GIUNTI MISTI CONSEGNA IN TUTTO IL MONDO\u00a0 Per qualsiasi richiesta riguardante le &#8230; <\/p>\n<div><a href=\"https:\/\/gazzellaatlantique.eu\/it\/implantation\/\" class=\"more-link\">Read More<\/a><\/div>\n","protected":false},"author":1,"featured_media":0,"parent":0,"menu_order":0,"comment_status":"closed","ping_status":"closed","template":"template-blank-4.php","meta":{"_acf_changed":false,"rs_blank_template":"","rs_page_bg_color":"","slide_template_v7":"","footnotes":""},"class_list":["post-11764","page","type-page","status-publish","hentry","no-post-thumbnail"],"acf":[],"_links":{"self":[{"href":"https:\/\/gazzellaatlantique.eu\/it\/wp-json\/wp\/v2\/pages\/11764","targetHints":{"allow":["GET"]}}],"collection":[{"href":"https:\/\/gazzellaatlantique.eu\/it\/wp-json\/wp\/v2\/pages"}],"about":[{"href":"https:\/\/gazzellaatlantique.eu\/it\/wp-json\/wp\/v2\/types\/page"}],"author":[{"embeddable":true,"href":"https:\/\/gazzellaatlantique.eu\/it\/wp-json\/wp\/v2\/users\/1"}],"replies":[{"embeddable":true,"href":"https:\/\/gazzellaatlantique.eu\/it\/wp-json\/wp\/v2\/comments?post=11764"}],"version-history":[{"count":34,"href":"https:\/\/gazzellaatlantique.eu\/it\/wp-json\/wp\/v2\/pages\/11764\/revisions"}],"predecessor-version":[{"id":19069,"href":"https:\/\/gazzellaatlantique.eu\/it\/wp-json\/wp\/v2\/pages\/11764\/revisions\/19069"}],"wp:attachment":[{"href":"https:\/\/gazzellaatlantique.eu\/it\/wp-json\/wp\/v2\/media?parent=11764"}],"curies":[{"name":"wp","href":"https:\/\/api.w.org\/{rel}","templated":true}]}}