{"id":3149,"date":"2021-12-28T22:38:19","date_gmt":"2021-12-28T21:38:19","guid":{"rendered":"https:\/\/gazzellaatlantique.eu\/?page_id=3149"},"modified":"2021-12-29T20:18:12","modified_gmt":"2021-12-29T19:18:12","slug":"contact-gazzella","status":"publish","type":"page","link":"https:\/\/gazzellaatlantique.eu\/es\/contact-gazzella\/","title":{"rendered":"contact-gazzella"},"content":{"rendered":"<div id=\"cs-content\" class=\"cs-content\"><\/div>\n","protected":false},"excerpt":{"rendered":"<p>Contactez-nousContact us Nom de l&#8217;entreprise\/ Company name* Votre nom\/ Your name* Votre e-mail\/ Email address* Num\u00e9ro de t\u00e9l\u00e9phone\/ Phone number* Adresse\/ Address* Code postal &#8211; Ville\/ Town &#8211; Zipcode* Pays\/ &#8230; <\/p>\n<div><a href=\"https:\/\/gazzellaatlantique.eu\/es\/contact-gazzella\/\" class=\"more-link\">Read More<\/a><\/div>\n","protected":false},"author":1,"featured_media":0,"parent":0,"menu_order":0,"comment_status":"closed","ping_status":"closed","template":"template-blank-4.php","meta":{"_acf_changed":false,"rs_blank_template":"","rs_page_bg_color":"","slide_template_v7":"","footnotes":""},"class_list":["post-3149","page","type-page","status-publish","hentry","no-post-thumbnail"],"acf":[],"_links":{"self":[{"href":"https:\/\/gazzellaatlantique.eu\/es\/wp-json\/wp\/v2\/pages\/3149","targetHints":{"allow":["GET"]}}],"collection":[{"href":"https:\/\/gazzellaatlantique.eu\/es\/wp-json\/wp\/v2\/pages"}],"about":[{"href":"https:\/\/gazzellaatlantique.eu\/es\/wp-json\/wp\/v2\/types\/page"}],"author":[{"embeddable":true,"href":"https:\/\/gazzellaatlantique.eu\/es\/wp-json\/wp\/v2\/users\/1"}],"replies":[{"embeddable":true,"href":"https:\/\/gazzellaatlantique.eu\/es\/wp-json\/wp\/v2\/comments?post=3149"}],"version-history":[{"count":0,"href":"https:\/\/gazzellaatlantique.eu\/es\/wp-json\/wp\/v2\/pages\/3149\/revisions"}],"wp:attachment":[{"href":"https:\/\/gazzellaatlantique.eu\/es\/wp-json\/wp\/v2\/media?parent=3149"}],"curies":[{"name":"wp","href":"https:\/\/api.w.org\/{rel}","templated":true}]}}