{"id":14420,"date":"2023-03-22T10:31:50","date_gmt":"2023-03-22T09:31:50","guid":{"rendered":"https:\/\/gazzellaatlantique.eu\/cce-2023\/"},"modified":"2023-05-02T15:14:30","modified_gmt":"2023-05-02T13:14:30","slug":"cce-2023","status":"publish","type":"page","link":"https:\/\/gazzellaatlantique.eu\/es\/cce-2023\/","title":{"rendered":"CCE 2023"},"content":{"rendered":"<div id=\"cs-content\" class=\"cs-content\"><\/div>\n","protected":false},"excerpt":{"rendered":"<p>L&#8217;entreprise Gazzella Atlantique a particip\u00e9 au salon CCE de Munich, Allemagne, du 14 au 16 mars 2023, qui est un \u00e9v\u00e9nement international phare pour les professionnels de l\u2019industrie de l\u2019emballage &#8230; <\/p>\n<div><a href=\"https:\/\/gazzellaatlantique.eu\/es\/cce-2023\/\" class=\"more-link\">Read More<\/a><\/div>\n","protected":false},"author":1,"featured_media":4547,"parent":0,"menu_order":0,"comment_status":"closed","ping_status":"closed","template":"template-blank-4.php","meta":{"_acf_changed":false,"rs_blank_template":"","rs_page_bg_color":"","slide_template_v7":"","footnotes":""},"class_list":["post-14420","page","type-page","status-publish","has-post-thumbnail","hentry"],"acf":[],"_links":{"self":[{"href":"https:\/\/gazzellaatlantique.eu\/es\/wp-json\/wp\/v2\/pages\/14420","targetHints":{"allow":["GET"]}}],"collection":[{"href":"https:\/\/gazzellaatlantique.eu\/es\/wp-json\/wp\/v2\/pages"}],"about":[{"href":"https:\/\/gazzellaatlantique.eu\/es\/wp-json\/wp\/v2\/types\/page"}],"author":[{"embeddable":true,"href":"https:\/\/gazzellaatlantique.eu\/es\/wp-json\/wp\/v2\/users\/1"}],"replies":[{"embeddable":true,"href":"https:\/\/gazzellaatlantique.eu\/es\/wp-json\/wp\/v2\/comments?post=14420"}],"version-history":[{"count":16,"href":"https:\/\/gazzellaatlantique.eu\/es\/wp-json\/wp\/v2\/pages\/14420\/revisions"}],"predecessor-version":[{"id":14836,"href":"https:\/\/gazzellaatlantique.eu\/es\/wp-json\/wp\/v2\/pages\/14420\/revisions\/14836"}],"wp:featuredmedia":[{"embeddable":true,"href":"https:\/\/gazzellaatlantique.eu\/es\/wp-json\/wp\/v2\/media\/4547"}],"wp:attachment":[{"href":"https:\/\/gazzellaatlantique.eu\/es\/wp-json\/wp\/v2\/media?parent=14420"}],"curies":[{"name":"wp","href":"https:\/\/api.w.org\/{rel}","templated":true}]}}