{"id":11879,"date":"2021-06-26T11:36:26","date_gmt":"2021-06-26T09:36:26","guid":{"rendered":"https:\/\/gazzellaatlantique.eu\/activites\/"},"modified":"2026-03-31T17:27:49","modified_gmt":"2026-03-31T15:27:49","slug":"activites","status":"publish","type":"page","link":"https:\/\/gazzellaatlantique.eu\/es\/activites\/","title":{"rendered":"Activit\u00e9s"},"content":{"rendered":"<div id=\"cs-content\" class=\"cs-content\"><div class=\"x-section x-hide-lg x-hide-xl e11879-e1 m95z-0 m95z-1 m95z-2 m95z-3\"><div class=\"x-bg\" aria-hidden=\"true\"><div class=\"x-bg-layer-upper-image\"><\/div><\/div><div class=\"x-row x-container max width e11879-e2 m95z-a m95z-b m95z-f\"><div class=\"x-row-inner\"><div class=\"x-col e11879-e3 m95z-n m95z-o\"><h2  class=\"h-custom-headline h3 accent\" style=\"color: #0074AE;font-size: 22px;\"><span><span style=\"color: #FFFFFF;\">EL ESPECIALISTA EN M\u00c1QUINAS DE EMBALAJE<\/span><\/span><\/h2><div class=\"x-text x-content e11879-e5 m95z-r\"><strong><span style=\"color: #FFFFFF;\"> <span style=\"text-transform: uppercase;\">L\u00cdDER MUNDIAL EN SISTEMAS DE GRAPADO Y UNIONES MIXTAS<\/br>ENTREGAS EN TODO EL MUNDO <\/span><\/span><\/strong><\/div><\/div><div class=\"x-col e11879-e6 m95z-o m95z-p m95z-8 x-effect-exit\" data-x-effect=\"{&quot;durationBase&quot;:&quot;300ms&quot;,&quot;scroll&quot;:true,&quot;offsetTop&quot;:&quot;10%&quot;,&quot;offsetBottom&quot;:&quot;10%&quot;,&quot;behaviorScroll&quot;:&quot;fire-once&quot;,&quot;animationEnter&quot;:&quot;slideInRight&quot;,&quot;animationExit&quot;:&quot;rollOut&quot;}\"><\/div><\/div><\/div><\/div><div class=\"x-section x-hide-md x-hide-sm x-hide-xs e11879-e7 m95z-0 m95z-1 m95z-4 m95z-5\"><div class=\"x-row x-container max width e11879-e8 m95z-a m95z-c m95z-d m95z-g m95z-h\"><div class=\"x-row-inner\"><div class=\"x-col e11879-e9 m95z-n m95z-o\"><h2  class=\"h-custom-headline cs-ta-center h3\" style=\"color: #FFFFFF;color: #0074AE !important; text-transform: uppercase;\"><span><span style=\"color: #FFFFFF;\">EL ESPECIALISTA EN M\u00c1QUINAS DE EMBALAJE<\/span><\/span><\/h2><div id=\"\" class=\"x-text cs-ta-center\" style=\"\" ><p><strong><span style=\"color: #FFFFFF;\"> <span style=\"text-transform: uppercase;\">L\u00cdDER MUNDIAL EN SISTEMAS DE GRAPADO Y UNIONES MIXTAS<\/br>ENTREGAS EN TODO EL MUNDO <\/span><\/span><\/strong><\/p>\n<\/div><\/div><\/div><\/div><\/div><div class=\"x-section x-hide-md x-hide-sm x-hide-xs e11879-e12 m95z-0 m95z-2 m95z-4 m95z-6\"><div class=\"x-bg\"><div class=\"x-bg-layer-lower-img\"><img decoding=\"async\" src=\"https:\/\/gazzellaatlantique.eu\/wp-content\/uploads\/2025\/12\/race-speed-line-gazzella-fond-blanc-scaled.webp\" alt=\"Image\" loading=\"lazy\"\/><\/div><\/div><div class=\"x-row x-container max width e11879-e13 m95z-a m95z-c m95z-e m95z-i m95z-j\"><div class=\"x-row-inner\"><div class=\"x-col e11879-e14 m95z-n m95z-o\"><\/div><\/div><\/div><\/div><div class=\"x-section x-hide-md x-hide-sm x-hide-xs e11879-e15 m95z-0 m95z-1 m95z-4 m95z-5\"><div class=\"x-row x-container max width e11879-e16 m95z-a m95z-c m95z-d m95z-g m95z-k\"><div class=\"x-row-inner\"><div class=\"x-col e11879-e17 m95z-n m95z-o\"><h2  class=\"h-custom-headline cs-ta-center h3\" style=\"color: #FFFFFF;\"><span>Descubra nuestras gamas<\/span><\/h2><\/div><\/div><\/div><\/div><div class=\"x-section x-hide-lg x-hide-xl e11879-e19 m95z-0 m95z-1 m95z-4 m95z-5\"><div class=\"x-row x-container max width e11879-e20 m95z-a m95z-c m95z-d m95z-g m95z-l\"><div class=\"x-row-inner\"><div class=\"x-col e11879-e21 m95z-n m95z-o\"><h2  class=\"h-custom-headline cs-ta-center h3\" style=\"color: #FFFFFF;font-size: 22px;\"><span>Descubra nuestras gamas<\/span><\/h2><\/div><\/div><\/div><\/div><div class=\"x-section e11879-e23 m95z-0 m95z-4 m95z-5 m95z-7\"><div class=\"x-row x-container max width e11879-e24 m95z-a m95z-c m95z-e m95z-i m95z-m\"><div class=\"x-row-inner\"><div class=\"x-col e11879-e25 m95z-n m95z-o\"><\/div><div class=\"x-col e11879-e26 m95z-n m95z-o\"><div class=\"x-card is-flip-right has-not-flipped e11879-e27 m95z-s m95z-t m95z-9 card-five\" data-x-element-card=\"\"><div class=\"x-card-faces\"><div class=\"x-card-face is-front\"><a href=\"https:\/\/gazzellaatlantique.eu\/activites\" target=\"_blank\" rel=\"noopener noreferrer\" class=\"x-text x-text-headline m95z-w m95z-x\"><div class=\"x-text-content\"><div class=\"x-text-content-text\"><h1 class=\"x-text-content-text-primary\"><\/h1>\n<\/div><\/div><\/a><div class=\"x-bg\" aria-hidden=\"true\"><div class=\"x-bg-layer-lower-image\"><\/div><div class=\"x-bg-layer-upper-color\"><\/div><\/div><\/div><div class=\"x-card-face is-back\"><a href=\"https:\/\/gazzellaatlantique.eu\/activite-bois\" target=\"_blank\" rel=\"noopener noreferrer\" class=\"x-text x-text-headline m95z-w m95z-y\"><div class=\"x-text-content\"><div class=\"x-text-content-text\"><h1 class=\"x-text-content-text-primary\"><\/h1>\n<\/div><\/div><\/a><a class=\"x-anchor x-anchor-button m95z-v\" tabindex=\"0\" href=\"https:\/\/gazzellaatlantique.eu\/activite-bois\" target=\"_blank\" rel=\"noopener noreferrer\"><div class=\"x-anchor-content\"><div class=\"x-anchor-text\"><span class=\"x-anchor-text-primary\">M\u00e1quinas para madera<\/span><\/div><\/div><\/a><\/div><\/div><\/div><\/div><div class=\"x-col e11879-e28 m95z-n m95z-o m95z-q\"><\/div><div class=\"x-col e11879-e29 m95z-n m95z-o\"><div class=\"x-card is-flip-right has-not-flipped e11879-e30 m95z-s m95z-u m95z-9 card-six\" data-x-element-card=\"\"><div class=\"x-card-faces\"><div class=\"x-card-face is-front\"><a href=\"https:\/\/gazzellaatlantique.eu\/activites\" target=\"_blank\" rel=\"noopener noreferrer\" class=\"x-text x-text-headline m95z-w m95z-x\"><div class=\"x-text-content\"><div class=\"x-text-content-text\"><h1 class=\"x-text-content-text-primary\"><\/h1>\n<\/div><\/div><\/a><div class=\"x-bg\" aria-hidden=\"true\"><div class=\"x-bg-layer-lower-image\"><\/div><div class=\"x-bg-layer-upper-color\"><\/div><\/div><\/div><div class=\"x-card-face is-back\"><a href=\"https:\/\/gazzellaatlantique.eu\/activite-carton\" target=\"_blank\" rel=\"noopener noreferrer\" class=\"x-text x-text-headline m95z-w m95z-y\"><div class=\"x-text-content\"><div class=\"x-text-content-text\"><h1 class=\"x-text-content-text-primary\"><\/h1>\n<\/div><\/div><\/a><a class=\"x-anchor x-anchor-button m95z-v\" tabindex=\"0\" href=\"https:\/\/gazzellaatlantique.eu\/activite-carton\" target=\"_blank\" rel=\"noopener noreferrer\"><div class=\"x-anchor-content\"><div class=\"x-anchor-text\"><span class=\"x-anchor-text-primary\">M\u00e1quinas para cart\u00f3n<\/span><\/div><\/div><\/a><\/div><\/div><\/div><\/div><div class=\"x-col e11879-e31 m95z-n m95z-o\"><\/div><\/div><\/div><\/div><\/div>\n","protected":false},"excerpt":{"rendered":"<p>EL ESPECIALISTA EN M\u00c1QUINAS DE EMBALAJE L\u00cdDER MUNDIAL EN SISTEMAS DE GRAPADO Y UNIONES MIXTASENTREGAS EN TODO EL MUNDO EL ESPECIALISTA EN M\u00c1QUINAS DE EMBALAJE L\u00cdDER MUNDIAL EN SISTEMAS DE &#8230; <\/p>\n<div><a href=\"https:\/\/gazzellaatlantique.eu\/es\/activites\/\" class=\"more-link\">Read More<\/a><\/div>\n","protected":false},"author":1,"featured_media":0,"parent":0,"menu_order":0,"comment_status":"closed","ping_status":"closed","template":"template-blank-4.php","meta":{"_acf_changed":false,"rs_blank_template":"","rs_page_bg_color":"","slide_template_v7":"","footnotes":""},"class_list":["post-11879","page","type-page","status-publish","hentry","no-post-thumbnail"],"acf":[],"_links":{"self":[{"href":"https:\/\/gazzellaatlantique.eu\/es\/wp-json\/wp\/v2\/pages\/11879","targetHints":{"allow":["GET"]}}],"collection":[{"href":"https:\/\/gazzellaatlantique.eu\/es\/wp-json\/wp\/v2\/pages"}],"about":[{"href":"https:\/\/gazzellaatlantique.eu\/es\/wp-json\/wp\/v2\/types\/page"}],"author":[{"embeddable":true,"href":"https:\/\/gazzellaatlantique.eu\/es\/wp-json\/wp\/v2\/users\/1"}],"replies":[{"embeddable":true,"href":"https:\/\/gazzellaatlantique.eu\/es\/wp-json\/wp\/v2\/comments?post=11879"}],"version-history":[{"count":12,"href":"https:\/\/gazzellaatlantique.eu\/es\/wp-json\/wp\/v2\/pages\/11879\/revisions"}],"predecessor-version":[{"id":18555,"href":"https:\/\/gazzellaatlantique.eu\/es\/wp-json\/wp\/v2\/pages\/11879\/revisions\/18555"}],"wp:attachment":[{"href":"https:\/\/gazzellaatlantique.eu\/es\/wp-json\/wp\/v2\/media?parent=11879"}],"curies":[{"name":"wp","href":"https:\/\/api.w.org\/{rel}","templated":true}]}}