{"id":10990,"date":"2021-12-09T09:59:15","date_gmt":"2021-12-09T08:59:15","guid":{"rendered":"https:\/\/gazzellaatlantique.eu\/recrutement\/"},"modified":"2025-12-30T11:39:49","modified_gmt":"2025-12-30T10:39:49","slug":"recrutement","status":"publish","type":"page","link":"https:\/\/gazzellaatlantique.eu\/en\/recrutement\/","title":{"rendered":"Recrutement"},"content":{"rendered":"<div id=\"cs-content\" class=\"cs-content\"><div class=\"x-section x-hide-md x-hide-sm x-hide-xs e10990-e1 m8ha-0 m8ha-1 m8ha-2\"><div class=\"x-row x-container max width e10990-e2 m8ha-9 m8ha-a m8ha-b m8ha-c m8ha-h m8ha-i\"><div class=\"x-row-inner\"><div class=\"x-col e10990-e3 m8ha-o m8ha-p\"><div id=\"\" class=\"x-text cs-ta-center\" style=\"font-size: 28px !important; text-transform: uppercase;\" ><h5><strong><span style=\"color: #FFFFFF;\">OFFRE D'EMPLOI<\/span><\/strong><\/h5>\n<\/div><\/div><\/div><\/div><\/div><div class=\"x-section x-hide-md x-hide-sm x-hide-xs e10990-e5 m8ha-0 m8ha-3 m8ha-4\"><div class=\"x-bg\"><div class=\"x-bg-layer-lower-img\"><img decoding=\"async\" src=\"https:\/\/gazzellaatlantique.eu\/wp-content\/uploads\/2021\/12\/race-speed-line-gazzella-2.png\" alt=\"Image\" loading=\"lazy\"\/><\/div><\/div><div class=\"x-row x-container max width e10990-e6 m8ha-9 m8ha-a m8ha-b m8ha-c m8ha-h m8ha-j\"><div class=\"x-row-inner\"><div class=\"x-col e10990-e7 m8ha-o m8ha-p\"><\/div><\/div><\/div><\/div><div class=\"x-section x-hide-lg x-hide-xl e10990-e8 m8ha-0 m8ha-2 m8ha-4 m8ha-5 m8ha-6\"><div class=\"x-bg\" aria-hidden=\"true\"><div class=\"x-bg-layer-upper-image\"><\/div><\/div><div class=\"x-row x-container max width e10990-e9 m8ha-9 m8ha-b m8ha-d m8ha-e m8ha-k\"><div class=\"x-row-inner\"><div class=\"x-col e10990-e10 m8ha-o m8ha-p\"><h2  class=\"h-custom-headline h3\" style=\"color: #0074AE;font-size: 22px; text-transform: uppercase;\"><span>Offres d'emploi<\/span><\/h2><\/div><div class=\"x-col e10990-e12 m8ha-p m8ha-q m8ha-8 x-effect-exit\" data-x-effect=\"{&quot;durationBase&quot;:&quot;300ms&quot;,&quot;scroll&quot;:true,&quot;offsetTop&quot;:&quot;10%&quot;,&quot;offsetBottom&quot;:&quot;10%&quot;,&quot;behaviorScroll&quot;:&quot;fire-once&quot;,&quot;animationEnter&quot;:&quot;slideInRight&quot;,&quot;animationExit&quot;:&quot;rollOut&quot;}\"><\/div><\/div><\/div><\/div><div class=\"x-section e10990-e13 m8ha-0 m8ha-2 m8ha-4 m8ha-5 m8ha-7\"><div class=\"x-bg\" aria-hidden=\"true\"><div class=\"x-bg-layer-lower-color\"><\/div><\/div><div class=\"x-row x-container max width e10990-e14 m8ha-9 m8ha-a m8ha-e m8ha-f m8ha-g m8ha-h m8ha-l\"><div class=\"x-row-inner\"><div class=\"x-col e10990-e15 m8ha-o m8ha-p\"><div  class=\"x-recent-posts cf horizontal\"  data-x-element=\"recent_posts\" data-x-params=\"{&quot;fade&quot;:false}\" data-fade=\"false\" ><a class=\"x-recent-post4 with-image\" href=\"https:\/\/gazzellaatlantique.eu\/en\/offre-emploi\/technicien-sav-itinerant-2\/\" title=\"Permalink to: &quot;Technicien SAV itin\u00e9rant&quot;\"><article id=\"post-15363\" class=\"post-15363 post type-post status-publish format-standard has-post-thumbnail hentry category-offre-emploi\"><div class=\"entry-wrap\"><div class=\"x-recent-posts-img\" style=\"background-image: url(https:\/\/gazzellaatlantique.eu\/wp-content\/uploads\/2022\/01\/picto-offre-emploi.jpg);\"><i class='x-framework-icon x-recent-posts-icon' data-x-icon-s='&#xf15c;' aria-hidden=true><\/i><\/div><div class=\"x-recent-posts-content\"><h3 class=\"h-recent-posts\">Technicien SAV itin\u00e9rant<\/h3><span class=\"x-recent-posts-date\">15 September 2023<\/span><\/div><\/div><\/article><\/a><a class=\"x-recent-post4 with-image\" href=\"https:\/\/gazzellaatlantique.eu\/en\/non-classe\/profil-technicien-sav-2\/\" title=\"Permalink to: &quot;Profil Technicien SAV (Anglais)&quot;\"><article id=\"post-17178\" class=\"post-17178 post type-post status-publish format-standard has-post-thumbnail hentry category-non-classe category-offre-emploi\"><div class=\"entry-wrap\"><div class=\"x-recent-posts-img\" style=\"background-image: url(https:\/\/gazzellaatlantique.eu\/wp-content\/uploads\/2022\/01\/picto-offre-emploi.jpg);\"><i class='x-framework-icon x-recent-posts-icon' data-x-icon-s='&#xf15c;' aria-hidden=true><\/i><\/div><div class=\"x-recent-posts-content\"><h3 class=\"h-recent-posts\">Profil Technicien SAV (Anglais)<\/h3><span class=\"x-recent-posts-date\">1 September 2022<\/span><\/div><\/div><\/article><\/a><\/div><\/div><\/div><\/div><div class=\"x-row x-container max width e10990-e17 m8ha-9 m8ha-a m8ha-e m8ha-f m8ha-g m8ha-h m8ha-m\"><div class=\"x-row-inner\"><div class=\"x-col e10990-e18 m8ha-o m8ha-p\"><div  class=\"x-recent-posts cf horizontal\"  data-x-element=\"recent_posts\" data-x-params=\"{&quot;fade&quot;:false}\" data-fade=\"false\" ><\/div><div class=\"x-text x-content e10990-e20 m8ha-r\"><h2 style=\"text-align:center;\">Candidature spontan\u00e9e<\/h2>\n<p><a href=\"https:\/\/jobpass.live\/TP5VrT1\" target=\"_blank\" style=\"padding: 10px 12px; font-weight: bold; display: flex; background-color: #273648; align-items: center; justify-content: center; color: #fff; border-radius: 8px; text-decoration: none; max-width: 300px; margin: 0 auto;\" rel=\"noopener\">\nPostuler avec <img decoding=\"async\" src=\"https:\/\/images.ctfassets.net\/nla4ils4bv6t\/01MpLFfhVRnPnYteKTv4o5\/22ed578b64b6f66f8e8477e046bed3e3\/white-logo-jobpass.svg\" style=\"width: 80px; margin-left: 5px;\" \/>\n<\/a><\/p><\/div><\/div><\/div><\/div><\/div><div class=\"x-section e10990-e21 m8ha-0 m8ha-2 m8ha-4 m8ha-5 m8ha-7\"><div class=\"x-bg\" aria-hidden=\"true\"><div class=\"x-bg-layer-lower-color\"><\/div><\/div><div class=\"x-row x-container max width e10990-e22 m8ha-9 m8ha-a m8ha-b m8ha-c m8ha-g m8ha-h m8ha-n\"><div class=\"x-row-inner\"><div class=\"x-col e10990-e23 m8ha-o m8ha-p\"><\/div><div class=\"x-col e10990-e24 m8ha-o m8ha-p\"><div  class=\"x-raw-content\" >\n<div class=\"wpcf7 no-js\" id=\"wpcf7-f1087-o1\" lang=\"fr-FR\" dir=\"ltr\" data-wpcf7-id=\"1087\">\n<div class=\"screen-reader-response\"><p role=\"status\" aria-live=\"polite\" aria-atomic=\"true\"><\/p> <ul><\/ul><\/div>\n<form action=\"\/en\/wp-json\/wp\/v2\/pages\/10990#wpcf7-f1087-o1\" method=\"post\" class=\"wpcf7-form init\" aria-label=\"Formulaire de contact\" enctype=\"multipart\/form-data\" novalidate=\"novalidate\" data-status=\"init\">\n<fieldset class=\"hidden-fields-container\"><input type=\"hidden\" name=\"_wpcf7\" value=\"1087\" \/><input type=\"hidden\" name=\"_wpcf7_version\" value=\"6.1.5\" \/><input type=\"hidden\" name=\"_wpcf7_locale\" value=\"fr_FR\" \/><input type=\"hidden\" name=\"_wpcf7_unit_tag\" value=\"wpcf7-f1087-o1\" \/><input type=\"hidden\" name=\"_wpcf7_container_post\" value=\"0\" \/><input type=\"hidden\" name=\"_wpcf7_posted_data_hash\" value=\"\" \/>\n<\/fieldset>\n<div class=\"formeprincipale\">\n\t<div class=\"formdeuxgauche\">\n\t\t<p><label> Votre nom*<br \/>\n<span class=\"wpcf7-form-control-wrap\" data-name=\"your-name\"><input size=\"40\" maxlength=\"400\" class=\"wpcf7-form-control wpcf7-text wpcf7-validates-as-required\" aria-required=\"true\" aria-invalid=\"false\" value=\"\" type=\"text\" name=\"your-name\" \/><\/span> <\/label>\n\t\t<\/p>\n\t\t<p><label> Votre e-mail*<br \/>\n<span class=\"wpcf7-form-control-wrap\" data-name=\"your-email\"><input size=\"40\" maxlength=\"400\" class=\"wpcf7-form-control wpcf7-email wpcf7-validates-as-required wpcf7-text wpcf7-validates-as-email\" aria-required=\"true\" aria-invalid=\"false\" value=\"\" type=\"email\" name=\"your-email\" \/><\/span> <\/label>\n\t\t<\/p>\n\t\t<p><label> Num\u00e9ro de t\u00e9l\u00e9phone*<br \/>\n<span class=\"wpcf7-form-control-wrap\" data-name=\"tel-314\"><input size=\"40\" maxlength=\"400\" class=\"wpcf7-form-control wpcf7-tel wpcf7-validates-as-required wpcf7-text wpcf7-validates-as-tel\" aria-required=\"true\" aria-invalid=\"false\" value=\"\" type=\"tel\" name=\"tel-314\" \/><\/span><\/label>\n\t\t<\/p>\n\t\t<p><label>Adresse<br \/>\n<span class=\"wpcf7-form-control-wrap\" data-name=\"adresse\"><input size=\"40\" maxlength=\"400\" class=\"wpcf7-form-control wpcf7-text\" aria-invalid=\"false\" value=\"\" type=\"text\" name=\"adresse\" \/><\/span> <\/label>\n\t\t<\/p>\n\t\t<p><label>Code postal - Ville*<br \/>\n<span class=\"wpcf7-form-control-wrap\" data-name=\"Ville\"><input size=\"40\" maxlength=\"400\" class=\"wpcf7-form-control wpcf7-text wpcf7-validates-as-required\" aria-required=\"true\" aria-invalid=\"false\" value=\"\" type=\"text\" name=\"Ville\" \/><\/span> <\/label>\n\t\t<\/p>\n\t\t<p><label> Nature du poste recherch\u00e9 <\/label><br \/>\n<span class=\"wpcf7-form-control-wrap\" data-name=\"menu-283\"><select class=\"wpcf7-form-control wpcf7-select\" aria-invalid=\"false\" multiple=\"multiple\" name=\"menu-283[]\"><option value=\"\">&#8212;Veuillez choisir une option&#8212;<\/option><option value=\"Op\u00e9rateur de production, Service t\u00e9l\u00e9vente, Service commercial\">Op\u00e9rateur de production, Service t\u00e9l\u00e9vente, Service commercial<\/option><option value=\"Stage\">Stage<\/option><option value=\"Autre - \u00e0 d\u00e9finir\">Autre - \u00e0 d\u00e9finir<\/option><\/select><\/span>\n\t\t<\/p>\n\t\t<p><label>Comment nous avez-vous d\u00e9couvert ?\/ How did you find us?<br \/>\n<span class=\"wpcf7-form-control-wrap\" data-name=\"menu-643\"><select class=\"wpcf7-form-control wpcf7-select\" aria-invalid=\"false\" multiple=\"multiple\" name=\"menu-643[]\"><option value=\"\">&#8212;Veuillez choisir une option&#8212;<\/option><option value=\"Recherche sur internet\/ Internet Search\">Recherche sur internet\/ Internet Search<\/option><option value=\"Recommandation d&#039;un tiers\/ Recommendation\">Recommandation d&#039;un tiers\/ Recommendation<\/option><option value=\"R\u00e9f\u00e9rence positive d&#039;un m\u00e9dia\/ Positive Reference coming from a Media\">R\u00e9f\u00e9rence positive d&#039;un m\u00e9dia\/ Positive Reference coming from a Media<\/option><option value=\"Autre\/ Other\">Autre\/ Other<\/option><\/select><\/span><\/label>\n\t\t<\/p>\n\t<\/div>\n\t<div class=\"formdeuxdroite\">\n\t\t<p><label>D\u00e9crivez votre demande*<br \/>\n<span class=\"wpcf7-form-control-wrap\" data-name=\"textarea-401\"><textarea cols=\"40\" rows=\"10\" maxlength=\"2000\" class=\"wpcf7-form-control wpcf7-textarea wpcf7-validates-as-required\" aria-required=\"true\" aria-invalid=\"false\" name=\"textarea-401\"><\/textarea><\/span><\/label><br \/>\n<label> Comment nous avez-vous d\u00e9couvert ?<br \/>\n<span class=\"wpcf7-form-control-wrap\" data-name=\"menu-643\"><select class=\"wpcf7-form-control wpcf7-select\" aria-invalid=\"false\" multiple=\"multiple\" name=\"menu-643[]\"><option value=\"\">&#8212;Veuillez choisir une option&#8212;<\/option><option value=\"Recherche sur internet\">Recherche sur internet<\/option><option value=\"Recommandation d&#039;un tiers\">Recommandation d&#039;un tiers<\/option><option value=\"R\u00e9f\u00e9rence positive d&#039;un m\u00e9dia\">R\u00e9f\u00e9rence positive d&#039;un m\u00e9dia<\/option><option value=\"Autre\">Autre<\/option><\/select><\/span> <\/label><br \/>\n<label>S\u00e9lectionnez les fichiers \u00e0 nous transmettre.<\/label><br \/>\n<span class=\"wpcf7-form-control-wrap\" data-name=\"CV\"><input size=\"40\" class=\"wpcf7-form-control wpcf7-file wpcf7-validates-as-required\" accept=\".pdf,.doc,.docx,.jpeg\" aria-required=\"true\" aria-invalid=\"false\" type=\"file\" name=\"CV\" \/><\/span>(cv obligatoire*)<br \/>\n<label>Ajoutez une Lettre de motivation :<\/label><br \/>\n<span class=\"wpcf7-form-control-wrap\" data-name=\"LM\"><input size=\"40\" class=\"wpcf7-form-control wpcf7-file\" accept=\".pdf,.doc,.docx,.jpeg\" aria-invalid=\"false\" type=\"file\" name=\"LM\" \/><\/span>(lettre de motivation optionnel)\n\t\t<\/p><!-- Le champ pi\u00e9g\u00e9 -->\n\t\t<div style=\"position: absolute;left: -200%;\">\n\t\t\t<p><span class=\"wpcf7-form-control-wrap\" data-name=\"quiz-math\"><label><span class=\"wpcf7-quiz-label\">5+2=?<\/span> <input size=\"40\" class=\"wpcf7-form-control wpcf7-quiz\" autocomplete=\"off\" aria-required=\"true\" aria-invalid=\"false\" type=\"text\" name=\"quiz-math\" \/><\/label><input type=\"hidden\" name=\"_wpcf7_quiz_answer_quiz-math\" value=\"38f7956832fa0a503e7cd3a50afb0cc8\" \/><\/span>\n\t\t\t<\/p>\n\t\t<\/div> \n\n\n<!-- Le calcul en toutes lettres et en fran\u00e7ais -->\n\t\t<div>\n\t\t\t<p><span class=\"wpcf7-form-control-wrap\" data-name=\"quiz-two\"><label><span class=\"wpcf7-quiz-label\">cinq additionn\u00e9 \u00e0 huit fait ? (\u00e9crire le r\u00e9sultat en chiffre)<\/span> <input size=\"40\" class=\"wpcf7-form-control wpcf7-quiz\" autocomplete=\"off\" aria-required=\"true\" aria-invalid=\"false\" type=\"text\" name=\"quiz-two\" \/><\/label><input type=\"hidden\" name=\"_wpcf7_quiz_answer_quiz-two\" value=\"7eedb09e5b113d68857fd205d88f30a6\" \/><\/span>\n\t\t\t<\/p>\n\t\t<\/div>\n\t\t<p><input type=\"hidden\" name=\"contact_form_7_recaptcha\" value=\"g-recaptcha-GIsnM77DOfImXG2\" class=\"g-recaptcha-explicit-id\"><div id=\"g-recaptcha-GIsnM77DOfImXG2\"><\/div><span class=\"wpcf7-form-control-wrap g-recaptcha-explicit\" data-sitekey=\"6Lc6lBEeAAAAAGDNQXg5mjJNICMO_Wt1QowDB6Hz\"><\/span><br \/>\n<input class=\"wpcf7-form-control wpcf7-submit has-spinner\" type=\"submit\" value=\"Envoyer\/ Send\" \/><br \/>\n\t\t<div class=\"wpcf7-response-output\" aria-hidden=\"true\"><\/div>\n\t\t<\/p>\n\t<\/div>\n<\/div>\n<\/form>\n<\/div>\n<\/div><\/div><div class=\"x-col e10990-e26 m8ha-o m8ha-p\"><\/div><\/div><\/div><\/div><\/div>\n","protected":false},"excerpt":{"rendered":"<p>OFFRE D&#8217;EMPLOI Offres d&#8217;emploiTechnicien SAV itin\u00e9rant15 September 2023Profil Technicien SAV (Anglais)1 September 2022Candidature spontan\u00e9e Postuler avec Votre nom* Votre e-mail* Num\u00e9ro de t\u00e9l\u00e9phone* Adresse Code postal &#8211; Ville* Nature du &#8230; <\/p>\n<div><a href=\"https:\/\/gazzellaatlantique.eu\/en\/non-classe\/profil-technicien-sav-2\/\" class=\"more-link\">Read More<\/a><\/div>\n","protected":false},"author":1,"featured_media":0,"parent":0,"menu_order":0,"comment_status":"closed","ping_status":"closed","template":"template-blank-4.php","meta":{"_acf_changed":false,"rs_blank_template":"","rs_page_bg_color":"","slide_template_v7":"","footnotes":""},"class_list":["post-10990","page","type-page","status-publish","hentry","no-post-thumbnail"],"acf":[],"_links":{"self":[{"href":"https:\/\/gazzellaatlantique.eu\/en\/wp-json\/wp\/v2\/pages\/10990","targetHints":{"allow":["GET"]}}],"collection":[{"href":"https:\/\/gazzellaatlantique.eu\/en\/wp-json\/wp\/v2\/pages"}],"about":[{"href":"https:\/\/gazzellaatlantique.eu\/en\/wp-json\/wp\/v2\/types\/page"}],"author":[{"embeddable":true,"href":"https:\/\/gazzellaatlantique.eu\/en\/wp-json\/wp\/v2\/users\/1"}],"replies":[{"embeddable":true,"href":"https:\/\/gazzellaatlantique.eu\/en\/wp-json\/wp\/v2\/comments?post=10990"}],"version-history":[{"count":5,"href":"https:\/\/gazzellaatlantique.eu\/en\/wp-json\/wp\/v2\/pages\/10990\/revisions"}],"predecessor-version":[{"id":18827,"href":"https:\/\/gazzellaatlantique.eu\/en\/wp-json\/wp\/v2\/pages\/10990\/revisions\/18827"}],"wp:attachment":[{"href":"https:\/\/gazzellaatlantique.eu\/en\/wp-json\/wp\/v2\/media?parent=10990"}],"curies":[{"name":"wp","href":"https:\/\/api.w.org\/{rel}","templated":true}]}}